{"id":10215,"date":"2017-07-26T13:16:00","date_gmt":"2017-07-26T11:16:00","guid":{"rendered":"http:\/\/www.itk.fr\/solutions\/vintel-2\/"},"modified":"2023-11-13T09:47:56","modified_gmt":"2023-11-13T08:47:56","slug":"vintel","status":"publish","type":"page","link":"https:\/\/www.itk.fr\/en\/vintel\/","title":{"rendered":"Vintel\u00ae"},"content":{"rendered":"<section class=\"cs-section custom-padding cs-text-white solution-header vintel\" style=\" padding-top: 200px; padding-bottom:0px; color: #ffffff;\"><div class=\"container\"><div class=\"row\"><div class=\"col-md-12\"><div class=\"cs-column-inner\"><div class=\"cs-column-text\" style=\"height:0;opacity:0;position:absolute;\"><h1>Vintel\u00ae | Drive excellence<\/h1>\n<\/div><section class=\"cs-section no-padding\"><div class=\"container\"><div class=\"row cs-equal-height cs-equal-height-bottom\"><div class=\"col-md-6\"><div class=\"cs-column-inner\"><div class=\"cs-column-text cs-animation fadeIn solution-header-logo\"><p><img loading=\"lazy\" decoding=\"async\" class=\"alignnone size-medium wp-image-27504\" src=\"https:\/\/www.itk.fr\/wp-content\/uploads\/2021\/03\/logo_vintel-2021_white.svg\" alt=\"\" width=\"300\" height=\"300\" \/><\/p>\n<\/div><div class=\"cs-column-text cs-animation fadeInRight huge-title\" data-delay=\"0.2\"><h2>Monitor water needs and nitrogen status in your vineyards<\/h2>\n<\/div><hr class=\"cs-space\" style=\"margin-top:40px\"><a href=\"https:\/\/vintel.itkweb.fr\/en\/freemium\/\" class=\"cs-btn cs-btn-custom cs-btn-square cs-btn-custom-own cs-btn-xxl cs-btn-custom-69f45f0a2e79d cs-animation fadeInUp\" data-delay=\"0.3\" target=\"_blank\" title=\"Try Vintel for free\">Free Trial<\/a><hr class=\"cs-space\" style=\"margin-top:15vh\"><\/div><\/div><div class=\"col-md-6 cs-animation fadeIn\"><div class=\"cs-column-inner\">[vc_single_image image=&#8221;33660&#8243; img_size=&#8221;full&#8221; alignment=&#8221;center&#8221; css_animation=&#8221;none&#8221; el_class=&#8221;solution-header-img&#8221;]<\/div><\/div><\/div><\/div><\/section><\/div><\/div><\/div><\/div><\/section><section id=\"contact\" class=\"cs-section custom-padding solution-footer\" style=\" background-color: #f5f6f7; padding-top: 0px; padding-bottom:80px;\"><div class=\"container\"><div class=\"row\"><div class=\"col-md-3\"><div class=\"cs-column-inner\"><\/div><\/div><div class=\"col-md-6 cs-animation fadeIn\"><div class=\"cs-column-inner\">[vc_icon icon_fontawesome=&#8221;fas fa-envelope&#8221; color=&#8221;custom&#8221; background_style=&#8221;rounded&#8221; background_color=&#8221;white&#8221; size=&#8221;lg&#8221; align=&#8221;center&#8221; custom_color=&#8221;#00c853&#8243;]<div class=\"cs-column-text huge-title\"><h3 style=\"text-align: center;\">Contact sales<\/h3>\n<\/div><div class=\"cs-column-text\"><p style=\"text-align: center;\">Get a free call with one of our vineyard irrigation consultant<\/p>\n<\/div>\n<div class=\"wpcf7 no-js\" id=\"wpcf7-f38386-o1\" lang=\"fr-FR\" dir=\"ltr\" data-wpcf7-id=\"38386\">\n<div class=\"screen-reader-response\"><p role=\"status\" aria-live=\"polite\" aria-atomic=\"true\"><\/p> <ul><\/ul><\/div>\n<form action=\"\/en\/wp-json\/wp\/v2\/pages\/10215#wpcf7-f38386-o1\" method=\"post\" class=\"wpcf7-form init\" aria-label=\"Formulaire de contact\" novalidate=\"novalidate\" data-status=\"init\">\n<fieldset class=\"hidden-fields-container\"><input type=\"hidden\" name=\"_wpcf7\" value=\"38386\" \/><input type=\"hidden\" name=\"_wpcf7_version\" value=\"6.1.5\" \/><input type=\"hidden\" name=\"_wpcf7_locale\" value=\"fr_FR\" \/><input type=\"hidden\" name=\"_wpcf7_unit_tag\" value=\"wpcf7-f38386-o1\" \/><input type=\"hidden\" name=\"_wpcf7_container_post\" value=\"0\" \/><input type=\"hidden\" name=\"_wpcf7_posted_data_hash\" value=\"\" \/><input type=\"hidden\" name=\"_wpcf7_recaptcha_response\" value=\"\" \/>\n<\/fieldset>\n<p><label> Name*<br \/>\n<span class=\"wpcf7-form-control-wrap\" data-name=\"your-name\"><input size=\"40\" maxlength=\"400\" class=\"wpcf7-form-control wpcf7-text wpcf7-validates-as-required\" autocomplete=\"name\" aria-required=\"true\" aria-invalid=\"false\" value=\"\" type=\"text\" name=\"your-name\" \/><\/span> <\/label>\n<\/p>\n<p><label> Lastname*<br \/>\n<span class=\"wpcf7-form-control-wrap\" data-name=\"your-lastname\"><input size=\"40\" maxlength=\"400\" class=\"wpcf7-form-control wpcf7-text wpcf7-validates-as-required\" autocomplete=\"lastname\" aria-required=\"true\" aria-invalid=\"false\" value=\"\" type=\"text\" name=\"your-lastname\" \/><\/span> <\/label>\n<\/p>\n<p><label> E-mail*<br \/>\n<span class=\"wpcf7-form-control-wrap\" data-name=\"your-email\"><input size=\"40\" maxlength=\"400\" class=\"wpcf7-form-control wpcf7-email wpcf7-validates-as-required wpcf7-text wpcf7-validates-as-email\" autocomplete=\"email\" aria-required=\"true\" aria-invalid=\"false\" value=\"\" type=\"email\" name=\"your-email\" \/><\/span> <\/label>\n<\/p>\n<p><label> Company*<br \/>\n<span class=\"wpcf7-form-control-wrap\" data-name=\"your-company\"><input size=\"40\" maxlength=\"400\" class=\"wpcf7-form-control wpcf7-text wpcf7-validates-as-required\" autocomplete=\"company\" aria-required=\"true\" aria-invalid=\"false\" value=\"\" type=\"text\" name=\"your-company\" \/><\/span> <\/label>\n<\/p>\n<p><label> Mobile<br \/>\n<span class=\"wpcf7-form-control-wrap\" data-name=\"your-phone\"><input size=\"40\" maxlength=\"400\" class=\"wpcf7-form-control wpcf7-tel wpcf7-text wpcf7-validates-as-tel\" aria-invalid=\"false\" value=\"\" type=\"tel\" name=\"your-phone\" \/><\/span> <\/label>\n<\/p>\n<p><label> Message*<br \/>\n<span class=\"wpcf7-form-control-wrap\" data-name=\"your-message\"><textarea cols=\"40\" rows=\"10\" maxlength=\"2000\" class=\"wpcf7-form-control wpcf7-textarea wpcf7-validates-as-required\" aria-required=\"true\" aria-invalid=\"false\" name=\"your-message\"><\/textarea><\/span> <\/label>\n<\/p>\n<p><input class=\"cs-btn cs-btn-flat cs-btn-rounded cs-btn-sm cs-btn-flat-accent wpcf7-form-control wpcf7-submit\" type=\"submit\" value=\"Send\" \/>\n<\/p>\n<p>This form uses Akismet to reduce spam. <a target=\"_blank\" rel=\"nofollow noopener\" href=\"https:\/\/akismet.com\/privacy\/\">Find out how your data is processed.<\/a>\n<\/p><p style=\"display: none !important;\" class=\"akismet-fields-container\" data-prefix=\"_wpcf7_ak_\"><label>&#916;<textarea name=\"_wpcf7_ak_hp_textarea\" cols=\"45\" rows=\"8\" maxlength=\"100\"><\/textarea><\/label><input type=\"hidden\" id=\"ak_js_1\" name=\"_wpcf7_ak_js\" value=\"17\"\/><script type=\"text\/javascript\">\n\/* <![CDATA[ *\/\ndocument.getElementById( \"ak_js_1\" ).setAttribute( \"value\", ( new Date() ).getTime() );\n\/* ]]> *\/\n<\/script>\n<\/p><div class=\"wpcf7-response-output\" aria-hidden=\"true\"><\/div>\n<\/form>\n<\/div>\n<\/div><\/div><div class=\"col-md-3\"><div class=\"cs-column-inner\"><\/div><\/div><\/div><\/div><\/section>\n","protected":false},"excerpt":{"rendered":"<p><span class=\"entry-read-more\"><a href=\"https:\/\/www.itk.fr\/en\/vintel\/\" class=\"cs-btn cs-btn-flat cs-btn-rounded cs-btn-xxs cs-btn-flat-accent\">Read More<\/a><\/span><\/p>\n","protected":false},"author":1,"featured_media":0,"parent":0,"menu_order":0,"comment_status":"closed","ping_status":"closed","template":"","meta":{"inline_featured_image":false,"footnotes":""},"class_list":["post-10215","page","type-page","status-publish","hentry"],"yoast_head":"<!-- This site is optimized with the Yoast SEO Premium plugin v21.5 (Yoast SEO v27.5) - https:\/\/yoast.com\/product\/yoast-seo-premium-wordpress\/ -->\n<title>Vintel\u00ae | itk - Predict and Decide<\/title>\n<meta name=\"description\" content=\"Vintel est un outil d\u2019appui au conseil viticole, adapt\u00e9 \u00e0 tous les terroirs, c\u00e9pages et objectifs de production.\" \/>\n<meta name=\"robots\" content=\"index, follow, max-snippet:-1, max-image-preview:large, max-video-preview:-1\" \/>\n<link rel=\"canonical\" href=\"https:\/\/www.itk.fr\/en\/vintel\/\" \/>\n<meta property=\"og:locale\" content=\"en_US\" \/>\n<meta property=\"og:type\" content=\"article\" \/>\n<meta property=\"og:title\" content=\"Vintel\u00ae\" \/>\n<meta property=\"og:description\" content=\"Vintel est un outil d\u2019appui au conseil viticole, adapt\u00e9 \u00e0 tous les terroirs, c\u00e9pages et objectifs de production.\" \/>\n<meta property=\"og:url\" content=\"https:\/\/www.itk.fr\/en\/vintel\/\" \/>\n<meta property=\"og:site_name\" content=\"itk - Predict and Decide\" \/>\n<meta property=\"article:publisher\" content=\"https:\/\/www.facebook.com\/ITK-127595717318557\/?fref=ts\" \/>\n<meta property=\"article:modified_time\" content=\"2023-11-13T08:47:56+00:00\" \/>\n<meta property=\"og:image\" content=\"https:\/\/www.itk.fr\/wp-content\/uploads\/2021\/03\/logo_vintel-2021_white.svg\" \/>\n<meta name=\"twitter:card\" content=\"summary_large_image\" \/>\n<meta name=\"twitter:site\" content=\"@ITK_web\" \/>\n<meta name=\"twitter:label1\" content=\"Est. reading time\" \/>\n\t<meta name=\"twitter:data1\" content=\"4 minutes\" \/>\n<script type=\"application\/ld+json\" class=\"yoast-schema-graph\">{\"@context\":\"https:\\\/\\\/schema.org\",\"@graph\":[{\"@type\":\"WebPage\",\"@id\":\"https:\\\/\\\/www.itk.fr\\\/en\\\/vintel\\\/\",\"url\":\"https:\\\/\\\/www.itk.fr\\\/en\\\/vintel\\\/\",\"name\":\"Vintel\u00ae | itk - Predict and Decide\",\"isPartOf\":{\"@id\":\"https:\\\/\\\/www.itk.fr\\\/en\\\/#website\"},\"primaryImageOfPage\":{\"@id\":\"https:\\\/\\\/www.itk.fr\\\/en\\\/vintel\\\/#primaryimage\"},\"image\":{\"@id\":\"https:\\\/\\\/www.itk.fr\\\/en\\\/vintel\\\/#primaryimage\"},\"thumbnailUrl\":\"https:\\\/\\\/www.itk.fr\\\/wp-content\\\/uploads\\\/2021\\\/03\\\/logo_vintel-2021_white.svg\",\"datePublished\":\"2017-07-26T11:16:00+00:00\",\"dateModified\":\"2023-11-13T08:47:56+00:00\",\"description\":\"Vintel est un outil d\u2019appui au conseil viticole, adapt\u00e9 \u00e0 tous les terroirs, c\u00e9pages et objectifs de production.\",\"breadcrumb\":{\"@id\":\"https:\\\/\\\/www.itk.fr\\\/en\\\/vintel\\\/#breadcrumb\"},\"inLanguage\":\"en-US\",\"potentialAction\":[{\"@type\":\"ReadAction\",\"target\":[\"https:\\\/\\\/www.itk.fr\\\/en\\\/vintel\\\/\"]}]},{\"@type\":\"ImageObject\",\"inLanguage\":\"en-US\",\"@id\":\"https:\\\/\\\/www.itk.fr\\\/en\\\/vintel\\\/#primaryimage\",\"url\":\"https:\\\/\\\/www.itk.fr\\\/wp-content\\\/uploads\\\/2021\\\/03\\\/logo_vintel-2021_white.svg\",\"contentUrl\":\"https:\\\/\\\/www.itk.fr\\\/wp-content\\\/uploads\\\/2021\\\/03\\\/logo_vintel-2021_white.svg\"},{\"@type\":\"BreadcrumbList\",\"@id\":\"https:\\\/\\\/www.itk.fr\\\/en\\\/vintel\\\/#breadcrumb\",\"itemListElement\":[{\"@type\":\"ListItem\",\"position\":1,\"name\":\"Home\",\"item\":\"https:\\\/\\\/www.itk.fr\\\/en\\\/\"},{\"@type\":\"ListItem\",\"position\":2,\"name\":\"Vintel\u00ae\"}]},{\"@type\":\"WebSite\",\"@id\":\"https:\\\/\\\/www.itk.fr\\\/en\\\/#website\",\"url\":\"https:\\\/\\\/www.itk.fr\\\/en\\\/\",\"name\":\"itk - Predict and Decide\",\"description\":\"\",\"publisher\":{\"@id\":\"https:\\\/\\\/www.itk.fr\\\/en\\\/#organization\"},\"potentialAction\":[{\"@type\":\"SearchAction\",\"target\":{\"@type\":\"EntryPoint\",\"urlTemplate\":\"https:\\\/\\\/www.itk.fr\\\/en\\\/?s={search_term_string}\"},\"query-input\":{\"@type\":\"PropertyValueSpecification\",\"valueRequired\":true,\"valueName\":\"search_term_string\"}}],\"inLanguage\":\"en-US\"},{\"@type\":\"Organization\",\"@id\":\"https:\\\/\\\/www.itk.fr\\\/en\\\/#organization\",\"name\":\"itk\",\"url\":\"https:\\\/\\\/www.itk.fr\\\/en\\\/\",\"logo\":{\"@type\":\"ImageObject\",\"inLanguage\":\"en-US\",\"@id\":\"https:\\\/\\\/www.itk.fr\\\/en\\\/#\\\/schema\\\/logo\\\/image\\\/\",\"url\":\"https:\\\/\\\/www.itk.fr\\\/wp-content\\\/uploads\\\/2017\\\/01\\\/ITK_PredictandDecide.png\",\"contentUrl\":\"https:\\\/\\\/www.itk.fr\\\/wp-content\\\/uploads\\\/2017\\\/01\\\/ITK_PredictandDecide.png\",\"width\":4961,\"height\":3508,\"caption\":\"itk\"},\"image\":{\"@id\":\"https:\\\/\\\/www.itk.fr\\\/en\\\/#\\\/schema\\\/logo\\\/image\\\/\"},\"sameAs\":[\"https:\\\/\\\/www.facebook.com\\\/ITK-127595717318557\\\/?fref=ts\",\"https:\\\/\\\/x.com\\\/ITK_web\",\"https:\\\/\\\/www.instagram.com\\\/itk_predictanddecide\\\/\",\"https:\\\/\\\/www.linkedin.com\\\/company\\\/800701?trk=tyah&amp;amp;amp;amp;amp;amp;amp;trkInfo=clickedVertical:company,clickedEntityId:800701,idx:3-1-6,tarId:1484668040056,tas:itk\",\"https:\\\/\\\/www.youtube.com\\\/channel\\\/UCzZrn65ouAnwG8fh57zubiw\"]}]}<\/script>\n<!-- \/ Yoast SEO Premium plugin. -->","yoast_head_json":{"title":"Vintel\u00ae | itk - Predict and Decide","description":"Vintel est un outil d\u2019appui au conseil viticole, adapt\u00e9 \u00e0 tous les terroirs, c\u00e9pages et objectifs de production.","robots":{"index":"index","follow":"follow","max-snippet":"max-snippet:-1","max-image-preview":"max-image-preview:large","max-video-preview":"max-video-preview:-1"},"canonical":"https:\/\/www.itk.fr\/en\/vintel\/","og_locale":"en_US","og_type":"article","og_title":"Vintel\u00ae","og_description":"Vintel est un outil d\u2019appui au conseil viticole, adapt\u00e9 \u00e0 tous les terroirs, c\u00e9pages et objectifs de production.","og_url":"https:\/\/www.itk.fr\/en\/vintel\/","og_site_name":"itk - Predict and Decide","article_publisher":"https:\/\/www.facebook.com\/ITK-127595717318557\/?fref=ts","article_modified_time":"2023-11-13T08:47:56+00:00","og_image":[{"url":"https:\/\/www.itk.fr\/wp-content\/uploads\/2021\/03\/logo_vintel-2021_white.svg","type":"","width":"","height":""}],"twitter_card":"summary_large_image","twitter_site":"@ITK_web","twitter_misc":{"Est. reading time":"4 minutes"},"schema":{"@context":"https:\/\/schema.org","@graph":[{"@type":"WebPage","@id":"https:\/\/www.itk.fr\/en\/vintel\/","url":"https:\/\/www.itk.fr\/en\/vintel\/","name":"Vintel\u00ae | itk - Predict and Decide","isPartOf":{"@id":"https:\/\/www.itk.fr\/en\/#website"},"primaryImageOfPage":{"@id":"https:\/\/www.itk.fr\/en\/vintel\/#primaryimage"},"image":{"@id":"https:\/\/www.itk.fr\/en\/vintel\/#primaryimage"},"thumbnailUrl":"https:\/\/www.itk.fr\/wp-content\/uploads\/2021\/03\/logo_vintel-2021_white.svg","datePublished":"2017-07-26T11:16:00+00:00","dateModified":"2023-11-13T08:47:56+00:00","description":"Vintel est un outil d\u2019appui au conseil viticole, adapt\u00e9 \u00e0 tous les terroirs, c\u00e9pages et objectifs de production.","breadcrumb":{"@id":"https:\/\/www.itk.fr\/en\/vintel\/#breadcrumb"},"inLanguage":"en-US","potentialAction":[{"@type":"ReadAction","target":["https:\/\/www.itk.fr\/en\/vintel\/"]}]},{"@type":"ImageObject","inLanguage":"en-US","@id":"https:\/\/www.itk.fr\/en\/vintel\/#primaryimage","url":"https:\/\/www.itk.fr\/wp-content\/uploads\/2021\/03\/logo_vintel-2021_white.svg","contentUrl":"https:\/\/www.itk.fr\/wp-content\/uploads\/2021\/03\/logo_vintel-2021_white.svg"},{"@type":"BreadcrumbList","@id":"https:\/\/www.itk.fr\/en\/vintel\/#breadcrumb","itemListElement":[{"@type":"ListItem","position":1,"name":"Home","item":"https:\/\/www.itk.fr\/en\/"},{"@type":"ListItem","position":2,"name":"Vintel\u00ae"}]},{"@type":"WebSite","@id":"https:\/\/www.itk.fr\/en\/#website","url":"https:\/\/www.itk.fr\/en\/","name":"itk - Predict and Decide","description":"","publisher":{"@id":"https:\/\/www.itk.fr\/en\/#organization"},"potentialAction":[{"@type":"SearchAction","target":{"@type":"EntryPoint","urlTemplate":"https:\/\/www.itk.fr\/en\/?s={search_term_string}"},"query-input":{"@type":"PropertyValueSpecification","valueRequired":true,"valueName":"search_term_string"}}],"inLanguage":"en-US"},{"@type":"Organization","@id":"https:\/\/www.itk.fr\/en\/#organization","name":"itk","url":"https:\/\/www.itk.fr\/en\/","logo":{"@type":"ImageObject","inLanguage":"en-US","@id":"https:\/\/www.itk.fr\/en\/#\/schema\/logo\/image\/","url":"https:\/\/www.itk.fr\/wp-content\/uploads\/2017\/01\/ITK_PredictandDecide.png","contentUrl":"https:\/\/www.itk.fr\/wp-content\/uploads\/2017\/01\/ITK_PredictandDecide.png","width":4961,"height":3508,"caption":"itk"},"image":{"@id":"https:\/\/www.itk.fr\/en\/#\/schema\/logo\/image\/"},"sameAs":["https:\/\/www.facebook.com\/ITK-127595717318557\/?fref=ts","https:\/\/x.com\/ITK_web","https:\/\/www.instagram.com\/itk_predictanddecide\/","https:\/\/www.linkedin.com\/company\/800701?trk=tyah&amp;amp;amp;amp;amp;amp;amp;trkInfo=clickedVertical:company,clickedEntityId:800701,idx:3-1-6,tarId:1484668040056,tas:itk","https:\/\/www.youtube.com\/channel\/UCzZrn65ouAnwG8fh57zubiw"]}]}},"_links":{"self":[{"href":"https:\/\/www.itk.fr\/en\/wp-json\/wp\/v2\/pages\/10215","targetHints":{"allow":["GET"]}}],"collection":[{"href":"https:\/\/www.itk.fr\/en\/wp-json\/wp\/v2\/pages"}],"about":[{"href":"https:\/\/www.itk.fr\/en\/wp-json\/wp\/v2\/types\/page"}],"author":[{"embeddable":true,"href":"https:\/\/www.itk.fr\/en\/wp-json\/wp\/v2\/users\/1"}],"replies":[{"embeddable":true,"href":"https:\/\/www.itk.fr\/en\/wp-json\/wp\/v2\/comments?post=10215"}],"version-history":[{"count":208,"href":"https:\/\/www.itk.fr\/en\/wp-json\/wp\/v2\/pages\/10215\/revisions"}],"predecessor-version":[{"id":38702,"href":"https:\/\/www.itk.fr\/en\/wp-json\/wp\/v2\/pages\/10215\/revisions\/38702"}],"wp:attachment":[{"href":"https:\/\/www.itk.fr\/en\/wp-json\/wp\/v2\/media?parent=10215"}],"curies":[{"name":"wp","href":"https:\/\/api.w.org\/{rel}","templated":true}]}}