{"id":8220,"date":"2017-01-30T11:28:20","date_gmt":"2017-01-30T10:28:20","guid":{"rendered":"http:\/\/www.itk.fr\/?page_id=8220\/"},"modified":"2017-01-30T11:39:30","modified_gmt":"2017-01-30T10:39:30","slug":"cropwin","status":"publish","type":"page","link":"https:\/\/www.itk.fr\/es\/cropwin\/","title":{"rendered":"CropWin"},"content":{"rendered":"<section class=\"cs-section cs-parallax productPage-header\" style=\"background-image: url(http:\/\/www.itk.fr\/wp-content\/uploads\/2017\/01\/Fotolia_43539246_L_wide4.jpg); background-position: 50% 50%; background-attachment: fixed;padding-bottom:0px\"><div class=\"container-fluid\"><div class=\"row\"><div class=\"col-md-12\"><div class=\"cs-column-inner\"><section class=\"cs-section\"><div class=\"container\"><div class=\"row\"><div class=\"col-md-12\" style=\"height:0px;overflow:hidden\"><div class=\"cs-column-inner\"><div class=\"cs-column-text\"><h1>CropWin<\/h1>\n<\/div><\/div><\/div><\/div><\/div><\/section><section class=\"cs-section\"><div class=\"container\"><div class=\"row\"><div class=\"col-md-4\"><div class=\"cs-column-inner\"><br \/>\n<\/div><\/div><div class=\"col-md-4\"><div class=\"cs-column-inner\"><img loading=\"lazy\" decoding=\"async\" width=\"360\" height=\"91\" src=\"https:\/\/www.itk.fr\/wp-content\/uploads\/2017\/01\/cropwin_header-logo-1.png\" class=\"aligncenter\" alt=\"\" srcset=\"https:\/\/www.itk.fr\/wp-content\/uploads\/2017\/01\/cropwin_header-logo-1.png 360w, https:\/\/www.itk.fr\/wp-content\/uploads\/2017\/01\/cropwin_header-logo-1-300x76.png 300w\" sizes=\"auto, (max-width: 360px) 100vw, 360px\" \/><\/div><\/div><div class=\"col-md-4\"><div class=\"cs-column-inner\"><br \/>\n<\/div><\/div><\/div><\/div><\/section><section class=\"cs-section\"><div class=\"container\"><div class=\"row\"><div class=\"col-md-12\"><div class=\"cs-column-inner\"><hr class=\"cs-space\" style=\"margin-top:20px\"><div class=\"cs-column-text\"><h2 style=\"text-align: center;\"><span style=\"color: #ffffff;\">Soluci\u00f3n personalizable para la gesti\u00f3n integrada de los cultivos<\/span><\/h2>\n<\/div><\/div><\/div><\/div><\/div><\/section><section class=\"cs-section\"><div class=\"container\"><div class=\"row\"><div class=\"col-md-3\"><div class=\"cs-column-inner\"><br \/>\n<\/div><\/div><div class=\"col-md-6\"><div class=\"cs-column-inner\"><hr class=\"cs-space\" style=\"margin-top:40px\"><img loading=\"lazy\" decoding=\"async\" width=\"555\" height=\"368\" src=\"https:\/\/www.itk.fr\/wp-content\/uploads\/2017\/01\/displays_cropwin.png\" class=\"aligncenter\" alt=\"\" srcset=\"https:\/\/www.itk.fr\/wp-content\/uploads\/2017\/01\/displays_cropwin.png 555w, https:\/\/www.itk.fr\/wp-content\/uploads\/2017\/01\/displays_cropwin-300x199.png 300w\" sizes=\"auto, (max-width: 555px) 100vw, 555px\" \/><\/div><\/div><div class=\"col-md-3\"><div class=\"cs-column-inner\"><br \/>\n<\/div><\/div><\/div><\/div><\/section><\/div><\/div><\/div><\/div><div class=\"section-overlay\" style=\"background-color:rgba(255, 170, 0, 0.9);\"><\/div><\/section><section class=\"cs-section sm-padding\" style=\" color: #203137;padding-top:40px;\"><div class=\"container\"><div class=\"row\"><div class=\"col-md-12\"><div class=\"cs-column-inner\"><section class=\"cs-section\"><div class=\"container\"><div class=\"row\"><div class=\"col-md-12\"><div class=\"cs-column-inner\"><div class=\"cs-column-text\"><h3 style=\"text-align: center;\">Herramienta de Apoyo a la Decisi\u00f3n basada en modelizaci\u00f3n cient\u00edfica que permite de tomar decisiones agro econ\u00f3micas<\/h3>\n<\/div><\/div><\/div><\/div><\/div><\/section><\/div><\/div><\/div><\/div><\/section><section class=\"cs-section\" style=\" color: #203137;\"><div class=\"container\"><div class=\"row\"><div class=\"col-md-12\"><div class=\"cs-column-inner\"><section class=\"cs-section\"><div class=\"container\"><div class=\"row\"><div class=\"col-md-2\"><div class=\"cs-column-inner\"><img loading=\"lazy\" decoding=\"async\" width=\"100\" height=\"100\" src=\"https:\/\/www.itk.fr\/wp-content\/uploads\/2017\/01\/icon-growth.png\" class=\"aligncenter\" alt=\"\" style=\"padding-bottom:20px\" \/><div class=\"cs-column-text\"><h4 style=\"text-align: center;\">Predicciones de crecimiento y de rendimiento<\/h4>\n<\/div><\/div><\/div><div class=\"col-md-2\"><div class=\"cs-column-inner\"><img loading=\"lazy\" decoding=\"async\" width=\"100\" height=\"100\" src=\"https:\/\/www.itk.fr\/wp-content\/uploads\/2017\/01\/icon-irrigation-1.png\" class=\"aligncenter\" alt=\"\" style=\"padding-bottom:20px\" \/><div class=\"cs-column-text\"><h4 style=\"text-align: center;\">Riego<\/h4>\n<\/div><\/div><\/div><div class=\"col-md-2\"><div class=\"cs-column-inner\"><img loading=\"lazy\" decoding=\"async\" width=\"100\" height=\"100\" src=\"https:\/\/www.itk.fr\/wp-content\/uploads\/2017\/01\/icon-fertilization.png\" class=\"aligncenter\" alt=\"\" style=\"padding-bottom:20px\" \/><div class=\"cs-column-text\"><h4 style=\"text-align: center;\">Fertilizaci\u00f3n<\/h4>\n<\/div><\/div><\/div><div class=\"col-md-2\"><div class=\"cs-column-inner\"><img loading=\"lazy\" decoding=\"async\" width=\"100\" height=\"100\" src=\"https:\/\/www.itk.fr\/wp-content\/uploads\/2017\/01\/icon-protection.png\" class=\"aligncenter\" alt=\"\" style=\"padding-bottom:20px\" \/><div class=\"cs-column-text\"><h4 style=\"text-align: center;\">Protecci\u00f3n<\/h4>\n<\/div><\/div><\/div><div class=\"col-md-2\"><div class=\"cs-column-inner\"><img loading=\"lazy\" decoding=\"async\" width=\"100\" height=\"100\" src=\"https:\/\/www.itk.fr\/wp-content\/uploads\/2017\/01\/icon-ndvi.png\" class=\"aligncenter\" alt=\"\" style=\"padding-bottom:20px\" \/><div class=\"cs-column-text\"><h4 style=\"text-align: center;\">Observaciones remotas de campo<\/h4>\n<\/div><\/div><\/div><div class=\"col-md-2\"><div class=\"cs-column-inner\"><img loading=\"lazy\" decoding=\"async\" width=\"100\" height=\"100\" src=\"https:\/\/www.itk.fr\/wp-content\/uploads\/2017\/01\/icon-IoT.png\" class=\"aligncenter\" alt=\"\" style=\"padding-bottom:20px\" \/><div class=\"cs-column-text\"><h4 style=\"text-align: center;\">Objetos conectados<\/h4>\n<\/div><\/div><\/div><\/div><\/div><\/section><\/div><\/div><\/div><\/div><\/section><section class=\"cs-section cs-text-white\" style=\" background-color: #ffaa00; color: #ffffff;\"><div class=\"container-fluid\"><div class=\"row\"><div class=\"col-md-12\"><div class=\"cs-column-inner\"><section class=\"cs-section\" style=\"margin-bottom:20px;\"><div class=\"container\"><div class=\"row\"><div class=\"col-md-6\"><div class=\"cs-column-inner\"><img loading=\"lazy\" decoding=\"async\" width=\"555\" height=\"295\" src=\"https:\/\/www.itk.fr\/wp-content\/uploads\/2017\/01\/Observe-Analyse_FR-1.png\" class=\"aligncenter\" alt=\"\" srcset=\"https:\/\/www.itk.fr\/wp-content\/uploads\/2017\/01\/Observe-Analyse_FR-1.png 555w, https:\/\/www.itk.fr\/wp-content\/uploads\/2017\/01\/Observe-Analyse_FR-1-300x159.png 300w\" sizes=\"auto, (max-width: 555px) 100vw, 555px\" \/><hr class=\"cs-space\" style=\"margin-top:20px\"><\/div><\/div><div class=\"col-md-6\"><div class=\"cs-column-inner\"><div class=\"cs-column-text\" style=\"margin-bottom:40px\"><h3 class=\"cs-fancybox-heading\"><span style=\"color: #203137;\">Observar<\/span><\/h3>\n<div class=\"cs-fancybox-text\">\n<h4><span style=\"color: #ffffff;\">El crecimiento de cultivo y los indicadores de estr\u00e9s<\/span><\/h4>\n<\/div>\n<\/div><div class=\"cs-column-text\" style=\"margin-bottom:40px\"><h3 class=\"cs-fancybox-heading\"><span style=\"color: #203137;\">Analizar de manera pro-activa<\/span><\/h3>\n<h4 class=\"cs-fancybox-heading\"><span style=\"color: #ffffff;\">El estado h\u00eddrico, de nutrici\u00f3n y de sanidad de su campo<\/span><\/h4>\n<\/div><\/div><\/div><\/div><\/div><\/section><section class=\"cs-section\" style=\"margin-bottom:20px\"><div class=\"container\"><div class=\"row\"><div class=\"col-md-6\"><div class=\"cs-column-inner\"><div class=\"cs-column-text\" style=\"margin-bottom:40px\"><h3 class=\"cs-fancybox-heading\" style=\"text-align: right;\"><span style=\"color: #203137;\">Optimizar<\/span><\/h3>\n<h4 class=\"cs-fancybox-heading\" style=\"text-align: right;\"><span style=\"color: #ffffff;\">El rendimiento y el retorno sobre la inversi\u00f3n<\/span><\/h4>\n<\/div><div class=\"cs-column-text\"><h3 class=\"cs-fancybox-heading\" style=\"text-align: right;\"><span style=\"color: #203137;\">Decidir<\/span><\/h3>\n<h4 class=\"cs-fancybox-heading\" style=\"text-align: right;\"><span style=\"color: #ffffff;\">Las estrategias de riego, fertilizaci\u00f3n y de tratamientos fitosanitarios a la escala de la parcela<\/span><\/h4>\n<\/div><hr class=\"cs-space\" style=\"margin-top:20px\"><\/div><\/div><div class=\"col-md-6\"><div class=\"cs-column-inner\"><img loading=\"lazy\" decoding=\"async\" width=\"555\" height=\"434\" src=\"https:\/\/www.itk.fr\/wp-content\/uploads\/2017\/01\/cropwin_screenshots_plotchart.png\" class=\"aligncenter\" alt=\"\" srcset=\"https:\/\/www.itk.fr\/wp-content\/uploads\/2017\/01\/cropwin_screenshots_plotchart.png 555w, https:\/\/www.itk.fr\/wp-content\/uploads\/2017\/01\/cropwin_screenshots_plotchart-300x235.png 300w\" sizes=\"auto, (max-width: 555px) 100vw, 555px\" \/><\/div><\/div><\/div><\/div><\/section><section class=\"cs-section\"><div class=\"container\"><div class=\"row\"><div class=\"col-md-6\"><div class=\"cs-column-inner\"><img loading=\"lazy\" decoding=\"async\" width=\"555\" height=\"166\" src=\"https:\/\/www.itk.fr\/wp-content\/uploads\/2017\/01\/Customize.png\" class=\"aligncenter\" alt=\"\" srcset=\"https:\/\/www.itk.fr\/wp-content\/uploads\/2017\/01\/Customize.png 555w, https:\/\/www.itk.fr\/wp-content\/uploads\/2017\/01\/Customize-300x90.png 300w\" sizes=\"auto, (max-width: 555px) 100vw, 555px\" \/><hr class=\"cs-space\" style=\"margin-top:20px\"><\/div><\/div><div class=\"col-md-6\"><div class=\"cs-column-inner\"><div class=\"cs-column-text\" style=\"margin-bottom:40px\"><h3 class=\"cs-fancybox-heading\"><span style=\"color: #203137;\">Personalizar<\/span><\/h3>\n<div class=\"cs-fancybox-text\">\n<h4><span style=\"color: #ffffff;\">La soluci\u00f3n que se adapte a sus necesidades<\/span><\/h4>\n<\/div>\n<\/div><\/div><\/div><\/div><\/div><\/section><\/div><\/div><\/div><\/div><\/section><section class=\"cs-section lg-padding\" style=\" color: #333333;border-top:1px solid white\"><div class=\"container-fluid\"><div class=\"row\"><div class=\"col-md-12\"><div class=\"cs-column-inner\"><div class=\"cs-btn-align text-center\"><a href=\"mailto:contact@itk.fr\" class=\"cs-btn cs-btn-custom cs-btn-square cs-btn-custom-own cs-btn-md cs-btn-custom-69e0828a0af9f\">Contactez-nous<br \/>\n<\/a><\/div><\/div><\/div><\/div><\/div><\/section>\n","protected":false},"excerpt":{"rendered":"<p><span class=\"entry-read-more\"><a href=\"https:\/\/www.itk.fr\/es\/cropwin\/\" class=\"cs-btn cs-btn-flat cs-btn-rounded cs-btn-xxs cs-btn-flat-accent\">Leer m\u00e1s<\/a><\/span><\/p>\n","protected":false},"author":1,"featured_media":0,"parent":0,"menu_order":0,"comment_status":"closed","ping_status":"closed","template":"","meta":{"inline_featured_image":false,"footnotes":""},"class_list":["post-8220","page","type-page","status-publish","hentry"],"yoast_head":"<!-- This site is optimized with the Yoast SEO Premium plugin v21.5 (Yoast SEO v27.4) - https:\/\/yoast.com\/product\/yoast-seo-premium-wordpress\/ -->\n<title>CropWin | itk - Predict and Decide<\/title>\n<meta name=\"robots\" content=\"index, follow, max-snippet:-1, max-image-preview:large, max-video-preview:-1\" \/>\n<link rel=\"canonical\" href=\"https:\/\/www.itk.fr\/es\/cropwin\/\" \/>\n<meta property=\"og:locale\" content=\"es_ES\" \/>\n<meta property=\"og:type\" content=\"article\" \/>\n<meta property=\"og:title\" content=\"CropWin\" \/>\n<meta property=\"og:url\" content=\"https:\/\/www.itk.fr\/es\/cropwin\/\" \/>\n<meta property=\"og:site_name\" content=\"itk - Predict and Decide\" \/>\n<meta property=\"article:publisher\" content=\"https:\/\/www.facebook.com\/ITK-127595717318557\/?fref=ts\" \/>\n<meta property=\"article:modified_time\" content=\"2017-01-30T10:39:30+00:00\" \/>\n<meta name=\"twitter:card\" content=\"summary_large_image\" \/>\n<meta name=\"twitter:site\" content=\"@ITK_web\" \/>\n<meta name=\"twitter:label1\" content=\"Est. reading time\" \/>\n\t<meta name=\"twitter:data1\" content=\"3 minutes\" \/>\n<script type=\"application\/ld+json\" class=\"yoast-schema-graph\">{\"@context\":\"https:\\\/\\\/schema.org\",\"@graph\":[{\"@type\":\"WebPage\",\"@id\":\"https:\\\/\\\/www.itk.fr\\\/es\\\/cropwin\\\/\",\"url\":\"https:\\\/\\\/www.itk.fr\\\/es\\\/cropwin\\\/\",\"name\":\"CropWin | itk - Predict and Decide\",\"isPartOf\":{\"@id\":\"https:\\\/\\\/www.itk.fr\\\/en\\\/#website\"},\"datePublished\":\"2017-01-30T10:28:20+00:00\",\"dateModified\":\"2017-01-30T10:39:30+00:00\",\"breadcrumb\":{\"@id\":\"https:\\\/\\\/www.itk.fr\\\/es\\\/cropwin\\\/#breadcrumb\"},\"inLanguage\":\"es-ES\",\"potentialAction\":[{\"@type\":\"ReadAction\",\"target\":[\"https:\\\/\\\/www.itk.fr\\\/es\\\/cropwin\\\/\"]}]},{\"@type\":\"BreadcrumbList\",\"@id\":\"https:\\\/\\\/www.itk.fr\\\/es\\\/cropwin\\\/#breadcrumb\",\"itemListElement\":[{\"@type\":\"ListItem\",\"position\":1,\"name\":\"Home\",\"item\":\"https:\\\/\\\/www.itk.fr\\\/\"},{\"@type\":\"ListItem\",\"position\":2,\"name\":\"CropWin\"}]},{\"@type\":\"WebSite\",\"@id\":\"https:\\\/\\\/www.itk.fr\\\/en\\\/#website\",\"url\":\"https:\\\/\\\/www.itk.fr\\\/en\\\/\",\"name\":\"itk - Predict and Decide\",\"description\":\"\",\"publisher\":{\"@id\":\"https:\\\/\\\/www.itk.fr\\\/en\\\/#organization\"},\"potentialAction\":[{\"@type\":\"SearchAction\",\"target\":{\"@type\":\"EntryPoint\",\"urlTemplate\":\"https:\\\/\\\/www.itk.fr\\\/en\\\/?s={search_term_string}\"},\"query-input\":{\"@type\":\"PropertyValueSpecification\",\"valueRequired\":true,\"valueName\":\"search_term_string\"}}],\"inLanguage\":\"es-ES\"},{\"@type\":\"Organization\",\"@id\":\"https:\\\/\\\/www.itk.fr\\\/en\\\/#organization\",\"name\":\"itk\",\"url\":\"https:\\\/\\\/www.itk.fr\\\/en\\\/\",\"logo\":{\"@type\":\"ImageObject\",\"inLanguage\":\"es-ES\",\"@id\":\"https:\\\/\\\/www.itk.fr\\\/en\\\/#\\\/schema\\\/logo\\\/image\\\/\",\"url\":\"https:\\\/\\\/www.itk.fr\\\/wp-content\\\/uploads\\\/2017\\\/01\\\/ITK_PredictandDecide.png\",\"contentUrl\":\"https:\\\/\\\/www.itk.fr\\\/wp-content\\\/uploads\\\/2017\\\/01\\\/ITK_PredictandDecide.png\",\"width\":4961,\"height\":3508,\"caption\":\"itk\"},\"image\":{\"@id\":\"https:\\\/\\\/www.itk.fr\\\/en\\\/#\\\/schema\\\/logo\\\/image\\\/\"},\"sameAs\":[\"https:\\\/\\\/www.facebook.com\\\/ITK-127595717318557\\\/?fref=ts\",\"https:\\\/\\\/x.com\\\/ITK_web\",\"https:\\\/\\\/www.instagram.com\\\/itk_predictanddecide\\\/\",\"https:\\\/\\\/www.linkedin.com\\\/company\\\/800701?trk=tyah&amp;amp;amp;amp;amp;amp;amp;trkInfo=clickedVertical:company,clickedEntityId:800701,idx:3-1-6,tarId:1484668040056,tas:itk\",\"https:\\\/\\\/www.youtube.com\\\/channel\\\/UCzZrn65ouAnwG8fh57zubiw\"]}]}<\/script>\n<!-- \/ Yoast SEO Premium plugin. -->","yoast_head_json":{"title":"CropWin | itk - Predict and Decide","robots":{"index":"index","follow":"follow","max-snippet":"max-snippet:-1","max-image-preview":"max-image-preview:large","max-video-preview":"max-video-preview:-1"},"canonical":"https:\/\/www.itk.fr\/es\/cropwin\/","og_locale":"es_ES","og_type":"article","og_title":"CropWin","og_url":"https:\/\/www.itk.fr\/es\/cropwin\/","og_site_name":"itk - Predict and Decide","article_publisher":"https:\/\/www.facebook.com\/ITK-127595717318557\/?fref=ts","article_modified_time":"2017-01-30T10:39:30+00:00","twitter_card":"summary_large_image","twitter_site":"@ITK_web","twitter_misc":{"Est. reading time":"3 minutes"},"schema":{"@context":"https:\/\/schema.org","@graph":[{"@type":"WebPage","@id":"https:\/\/www.itk.fr\/es\/cropwin\/","url":"https:\/\/www.itk.fr\/es\/cropwin\/","name":"CropWin | itk - Predict and Decide","isPartOf":{"@id":"https:\/\/www.itk.fr\/en\/#website"},"datePublished":"2017-01-30T10:28:20+00:00","dateModified":"2017-01-30T10:39:30+00:00","breadcrumb":{"@id":"https:\/\/www.itk.fr\/es\/cropwin\/#breadcrumb"},"inLanguage":"es-ES","potentialAction":[{"@type":"ReadAction","target":["https:\/\/www.itk.fr\/es\/cropwin\/"]}]},{"@type":"BreadcrumbList","@id":"https:\/\/www.itk.fr\/es\/cropwin\/#breadcrumb","itemListElement":[{"@type":"ListItem","position":1,"name":"Home","item":"https:\/\/www.itk.fr\/"},{"@type":"ListItem","position":2,"name":"CropWin"}]},{"@type":"WebSite","@id":"https:\/\/www.itk.fr\/en\/#website","url":"https:\/\/www.itk.fr\/en\/","name":"itk - Predict and Decide","description":"","publisher":{"@id":"https:\/\/www.itk.fr\/en\/#organization"},"potentialAction":[{"@type":"SearchAction","target":{"@type":"EntryPoint","urlTemplate":"https:\/\/www.itk.fr\/en\/?s={search_term_string}"},"query-input":{"@type":"PropertyValueSpecification","valueRequired":true,"valueName":"search_term_string"}}],"inLanguage":"es-ES"},{"@type":"Organization","@id":"https:\/\/www.itk.fr\/en\/#organization","name":"itk","url":"https:\/\/www.itk.fr\/en\/","logo":{"@type":"ImageObject","inLanguage":"es-ES","@id":"https:\/\/www.itk.fr\/en\/#\/schema\/logo\/image\/","url":"https:\/\/www.itk.fr\/wp-content\/uploads\/2017\/01\/ITK_PredictandDecide.png","contentUrl":"https:\/\/www.itk.fr\/wp-content\/uploads\/2017\/01\/ITK_PredictandDecide.png","width":4961,"height":3508,"caption":"itk"},"image":{"@id":"https:\/\/www.itk.fr\/en\/#\/schema\/logo\/image\/"},"sameAs":["https:\/\/www.facebook.com\/ITK-127595717318557\/?fref=ts","https:\/\/x.com\/ITK_web","https:\/\/www.instagram.com\/itk_predictanddecide\/","https:\/\/www.linkedin.com\/company\/800701?trk=tyah&amp;amp;amp;amp;amp;amp;amp;trkInfo=clickedVertical:company,clickedEntityId:800701,idx:3-1-6,tarId:1484668040056,tas:itk","https:\/\/www.youtube.com\/channel\/UCzZrn65ouAnwG8fh57zubiw"]}]}},"_links":{"self":[{"href":"https:\/\/www.itk.fr\/es\/wp-json\/wp\/v2\/pages\/8220","targetHints":{"allow":["GET"]}}],"collection":[{"href":"https:\/\/www.itk.fr\/es\/wp-json\/wp\/v2\/pages"}],"about":[{"href":"https:\/\/www.itk.fr\/es\/wp-json\/wp\/v2\/types\/page"}],"author":[{"embeddable":true,"href":"https:\/\/www.itk.fr\/es\/wp-json\/wp\/v2\/users\/1"}],"replies":[{"embeddable":true,"href":"https:\/\/www.itk.fr\/es\/wp-json\/wp\/v2\/comments?post=8220"}],"version-history":[{"count":3,"href":"https:\/\/www.itk.fr\/es\/wp-json\/wp\/v2\/pages\/8220\/revisions"}],"predecessor-version":[{"id":8223,"href":"https:\/\/www.itk.fr\/es\/wp-json\/wp\/v2\/pages\/8220\/revisions\/8223"}],"wp:attachment":[{"href":"https:\/\/www.itk.fr\/es\/wp-json\/wp\/v2\/media?parent=8220"}],"curies":[{"name":"wp","href":"https:\/\/api.w.org\/{rel}","templated":true}]}}